{"id":20994,"date":"2021-07-21T21:28:30","date_gmt":"2021-07-21T20:28:30","guid":{"rendered":"https:\/\/www.totalhomes.es\/?page_id=20994"},"modified":"2021-07-24T01:06:33","modified_gmt":"2021-07-24T00:06:33","slug":"politica-de-cookies","status":"publish","type":"page","link":"https:\/\/www.totalhomes.es\/en\/politica-de-cookies\/","title":{"rendered":"COOKIES POLICY"},"content":{"rendered":"<p class=\"has-text-align-center\"><strong>INFORMATION ABOUT COOKIES<\/strong> <\/p>\n\n\n\n<p>In accordance with Law 34\/2002, of July 11, on services of the information society and electronic commerce (LSSI), in relation to Regulation (EU) 2016\/679 of the European Parliament and of the Council, of 27 of April 2016, General Data Protection (GDPR) and Organic Law 3\/2018, of December 5, Data Protection and Guarantee of Digital Rights (LOPDGDD), it is mandatory to obtain the express consent of the user of all web pages that use dispensable cookies, before you navigate through them.<\/p>\n\n\n\n<p class=\"has-text-align-center\"><strong>WHAT ARE COOKIES?<\/strong><\/p>\n\n\n\n<p>Las cookies y otras tecnolog\u00edas similares tales como local shared objects, flash cookies o p\u00edxeles, son herramientas empleadas por los servidores Web para almacenar y recuperar informaci\u00f3n acerca de sus visitantes, as\u00ed como para ofrecer un correcto funcionamiento del sitio.<\/p>\n\n\n\n<p>Cookies and other similar technologies such as local shared objects, flash cookies or pixels, are tools used by Web servers to store and retrieve information about their visitors, as well as to enable the proper functioning of the site.\n\nThrough using these devices, the Web server is able to remember some data concerning the user, such as their preferences for viewing the server\u2019s pages, their name and password, products that interest them most, etc.<\/p>\n\n\n\n<p class=\"has-text-align-center\"><strong>COOKIES AFFECTED BY, AND COOKIES EXEMPT FROM REGULATIONS<\/strong><\/p>\n\n\n\n<p>According to the EU directive, the cookies that require the user\u2019s informed consent are analysis, advertising and affiliation cookies, while technical cookies and those that are necessary for the operation of the website or the provision of services expressly requested by the user are exempt.<\/p>\n\n\n\n<p class=\"has-text-align-center\"><strong>TYPES OF COOKIES<\/strong><\/p>\n\n\n\n<p><em>DEPENDING ON THE PURPOSE<\/em><\/p>\n\n\n\n<ul class=\"wp-block-list\"><li><strong>Technical and functional cookies:<\/strong> allow the user to navigate through a website, platform or application and the use of different options or services available in it.<\/li><li><strong>Analysis cookies:<\/strong> allow the controller to monitor and analyse the behaviour of the users of the websites they are linked to. The information collected by this type of cookie is used to measure the activity of the websites, application or platform and to carry out browsing profiling of the users of said sites, applications and platforms, with the purpose of introducing improvements in the analysis of the user data carried out by service users.<\/li><li><strong>Advertising cookies:<\/strong> allow management, in the most efficient way possible, of advertising spaces which, if applicable, the editor has included in a website, application or platform from where requested service is provided based on data such as the edited content or frequency with which advertisements are made.<\/li><li><strong>Behavioural advertising cookies:<\/strong> collect information on the user\u2019s personal preferences and choices (retargeting) in order to allow management, in the most efficient way possible, of the advertising spaces which, if applicable, the editor has included in a website, application or platform from where the requested service is provided.<\/li><li><strong>Social cookies:<\/strong> established by the social network platforms in the services to allow content to be shared with friends and networks. The social media platforms have the ability to track activity online outside the Services. This may affect the content and messages seen in other services used.<\/li><li><strong>Affiliate cookies:<\/strong> allow you to track visits through links from other websites, with which the website establishes affiliate agreements (affiliate companies).<\/li><li><strong>Security cookies:<\/strong> store encrypted information to avoid the stored data in them being vulnerable to malicious attacks by third parties.<\/li><\/ul>\n\n\n\n<p><em>ACCORDING TO THE PROPERTY<\/em><\/p>\n\n\n\n<ul class=\"wp-block-list\"><li><strong>Own cookies: <\/strong>are sent to the user\u2019s terminal team from a team or power managed by the own editor and from where the requested service is provided by the user.<\/li><li><strong>Third party cookies:<\/strong> are sent to the user\u2019s terminal team from a team or power which is not managed by the editor, but by another body which processes data obtained through the cookies.<\/li><\/ul>\n\n\n\n<p><em>DEPENDING ON THE STORAGE PERIOD<\/em><\/p>\n\n\n\n<ul class=\"wp-block-list\"><li><strong>Session cookies: <\/strong>are a type of cookie designed to collect and store data as long as the user accesses a website.<\/li><li><strong>Permanent cookies:<\/strong> are a type of cookies where data continues to be stored in the terminal and may be accessed and processed for a period of time defined by the cookie controller, and that can range from a few minutes to several years.<\/li><\/ul>\n\n\n\n<p class=\"has-text-align-center\"><strong>PROCESSING OF PERSONAL DATA<\/strong><\/p>\n\n\n\n<p>TOTAL HOME SPECIALISTS SL is the <strong>Controller<\/strong> of the personal data of the <strong>Data Subject <\/strong>and informs them that these data will be processed in accordance with the provisions of Regulation (EU) 2016\/679, of 27 April 2016 (GDPR), and therefore the following information on the processing is provided:<\/p>\n\n\n\n<p><strong>Purposes of the data processing: <\/strong>as specified in the cookies section which are used on this website.<\/p>\n\n\n\n<p>TOTAL HOME SPECIALISTS SL is the CONTROLLER of the USER\u2019s personal data and informs him\/her that these data shall be processed in accordance with the provisions of Regulation (EU) 2016\/679 of 27 April (GDPR) and the Organic Law 3\/2018 of 5 December (LOPDGDD).<\/p>\n\n\n\n<p><strong>Legitimisation of the processing:<\/strong> by consent of the data subject (art. 6.1 GDPR).<\/p>\n\n\n\n<p><strong>Data storage criteria: <\/strong>as specified in the cookies section used on the website.<\/p>\n\n\n\n<p><strong>Data communication: <\/strong>data will not be disclosed to third parties, except in cookies owned by third parties or under legal obligation.<\/p>\n\n\n\n<p><strong>Rights of the Data Subject:<\/strong><\/p>\n\n\n\n<ul class=\"wp-block-list\"><li>Right to withdraw consent at any time.<\/li><li>Right of access, rectification, portability and erasure of your data and the limitation or objection to their processing.<\/li><li>The right to file a claim with the Spanish Supervisory Authority (www.aepd.es) if you consider that the processing does not comply with current legislation.<\/li><\/ul>\n\n\n\n<p><strong>Contact information for exercising rights:<\/strong><\/p>\n\n\n\n<p>TOTAL HOME SPECIALISTS SL. ROSELLO, 77 00 00 A - 08029 BARCELONA (Barcelona). E-mail: info@totalhomes.es<\/p>\n\n\n\n<p class=\"has-text-align-center\"><strong>COOKIES USED ON THIS WEBSITE<\/strong><\/p>\n\n\n\n<p>From this panel the user will be able to configure the cookies that the website can install in their browser, except for the technical or functional cookies that are necessary for browsing and using the different options or services that are offered.<\/p>\n\n\n\n<p>Las cookies seleccionadas indican que el usuario autoriza la instalaci\u00f3n en su navegador y el tratamiento de datos bajo las condiciones reflejadas en la Pol\u00edtica de cookies.<\/p>\n\n\n\n<p>El usuario puede marcar o desmarcar el selector seg\u00fan se desee aceptar o rechazar la instalaci\u00f3n de cookies<\/p>\n\n\n\n<h4 class=\"has-text-align-center wp-block-heading\">COOKIES CONTROLADAS POR EL EDITOR<\/h4>\n\n\n\n<h4 class=\"has-text-align-center wp-block-heading\">T\u00e9cnicas y funcionales<\/h4>\n\n\n\n<figure class=\"wp-block-table\"><table><tbody><tr><td><strong>Property<\/strong><\/td><td><strong>Cookie<\/strong><\/td><td><strong>Purpose<\/strong><\/td><td><strong>Plazo<\/strong><\/td><\/tr><tr><td>totalhomes.es<\/td><td><strong>cookie_notice_accepted<\/strong><\/td><td>Cookie required to use website options and services<\/td><td>in a month<\/td><\/tr><tr><td>totalhomes.es<\/td><td><strong>cookielawinfo-checkbox-advertisement<\/strong><\/td><td>Cookie required to use website options and services<\/td><td>in a year<\/td><\/tr><tr><td>totalhomes.es<\/td><td><strong>cookielawinfo-checkbox-analytics<\/strong><\/td><td>Cookie required to use website options and services<\/td><td>in a year<\/td><\/tr><tr><td>totalhomes.es<\/td><td><strong>cookielawinfo-checkbox-functional<\/strong><\/td><td>Cookie required to use website options and services<\/td><td>in a year<\/td><\/tr><tr><td>totalhomes.es<\/td><td><strong>cookielawinfo-checkbox-necessary<\/strong><\/td><td>Cookie required to use website options and services<\/td><td>in a year<\/td><\/tr><tr><td>totalhomes.es<\/td><td><strong>cookielawinfo-checkbox-others<\/strong><\/td><td>Cookie required to use website options and services<\/td><td>in a year<\/td><\/tr><tr><td>totalhomes.es<\/td><td><strong>cookielawinfo-checkbox-performance<\/strong><\/td><td>Cookie required to use website options and services<\/td><td>in a year<\/td><\/tr><tr><td>totalhomes.es<\/td><td><strong>CookieLawInfoConsent<\/strong><\/td><td>Cookie required to use website options and services<\/td><td>in a year<\/td><\/tr><tr><td>totalhomes.es<\/td><td><strong>viewed_cookie_policy<\/strong><\/td><td>Used to remember preferences with regards to the established Cookies Policy<\/td><td>in a year<\/td><\/tr><\/tbody><\/table><\/figure>\n\n\n\n<h4 class=\"has-text-align-center wp-block-heading\">Marketing<\/h4>\n\n\n\n<figure class=\"wp-block-table\"><table><tbody><tr><td><strong>Property<\/strong><\/td><td><strong>Cookie<\/strong><\/td><td><strong>Purpose<\/strong><\/td><td><strong>Plazo<\/strong><\/td><\/tr><tr><td>facebook.com<\/td><td><strong>fr<\/strong><\/td><td>Contains a unique browser and user ID, used for targeted advertising.<\/td><td>in 23 days<\/td><\/tr><tr><td>totalhomes.es<\/td><td><strong>_fbp<\/strong><\/td><td>Used by Facebook to deliver a series of advertisement products such as real time bidding from third party advertisers<\/td><td>in 3 months<\/td><\/tr><\/tbody><\/table><\/figure>\n\n\n\n<h4 class=\"has-text-align-center wp-block-heading\">THIRD PARTY COOKIES<\/h4>\n\n\n\n<p>Third-party services are beyond the control of the editor. Suppliers may at any time modify their service conditions, the purpose and use of cookies, etc.<\/p>\n\n\n\n<p><strong>External suppliers of this website:<\/strong><\/p>\n\n\n\n<figure class=\"wp-block-table\"><table><tbody><tr><td><strong>Editor<\/strong><\/td><td><strong>Privacy policy<\/strong> <a href=\"https:\/\/www.facebook.com\/about\/privacy\/\" target=\"_blank\" rel=\"noreferrer noopener\">Facebook<\/a><\/td><\/tr><tr><td>Facebook<\/td><td><a href=\"https:\/\/www.facebook.com\/about\/privacy\/\" target=\"_blank\" rel=\"noreferrer noopener\">https:\/\/www.facebook.com\/about\/privacy\/<\/a><\/td><\/tr><\/tbody><\/table><\/figure>\n\n\n\n<figure class=\"wp-block-table\"><table><tbody><tr><td class=\"has-text-align-center\" data-align=\"center\"><\/td><\/tr><\/tbody><\/table><\/figure>\n\n\n\n<p><strong>COOKIES CONFIGURATION PANEL<\/strong> <\/p>\n\n\n\n<p>From this panel the user will be able to configure the cookies that the website can install in their browser, except for the technical or functional cookies that are necessary for browsing and using the different options or services that are offered.<\/p>\n\n\n\n<p class=\"has-text-align-center\">Panel de cookies<\/p>\n\n\n\n<h4 class=\"has-text-align-center wp-block-heading\"><strong>HOW TO MANAGE COOKIES FROM YOUR BROWSER<\/strong><\/h4>\n\n\n\n<figure class=\"wp-block-table\"><table><tbody><tr><td><\/td><\/tr><tr><td><strong>Delete cookies from your device<\/strong><\/td><td>Cookies that are already on a device can be deleted by clearing the browser history, thus deleting the cookies from all websites visited.<br>However, some of the saved information (e.g. login data or website preferences) may also be lost.<\/td><\/tr><tr><td><strong>Manage site specific cookies<\/strong><\/td><td>For more precise control of site specific cookies, users can adjust their privacy settings and cookies in their browser.<\/td><\/tr><tr><td><strong>Blocking cookies<\/strong><\/td><td>While most modern browsers can be configured to prevent cookies from being installed on a device, this may require the manual adjustment of certain preferences each time a site or page is visited. In addition, some services and features may not work properly (for example, profile logins).<\/td><\/tr><\/tbody><\/table><\/figure>\n\n\n\n<h4 class=\"has-text-align-center wp-block-heading\"><strong>HOW TO DELETE COOKIES FROM MOST COMMON BROWSERS<\/strong><\/h4>\n\n\n\n<figure class=\"wp-block-table\"><table><tbody><tr><td><\/td><\/tr><tr><td><strong>Chrome<\/strong><\/td><td><a href=\"http:\/\/support.google.com\/chrome\/answer\/95647?hl=es\">http:\/\/support.google.com\/chrome\/answer\/95647?hl=es<\/a><\/td><\/tr><tr><td><strong>Internet Explorer. Versi\u00f3n 11<\/strong><\/td><td><a href=\"https:\/\/support.microsoft.com\/es-es\/help\/278835\/how-to-delete-cookie-files-in-internet-explorer\">https:\/\/support.microsoft.com\/es-es\/help\/278835\/how-to-delete-cookie-files-in-internet-explorer<\/a><\/td><\/tr><tr><td><strong>Firefox. Versi\u00f3n 65.0.1<\/strong><\/td><td><a href=\"https:\/\/www.mozilla.org\/es-ES\/privacy\/websites\/#cookies\">https:\/\/www.mozilla.org\/es-ES\/privacy\/websites\/#cookies<\/a><\/td><\/tr><tr><td><strong>Safari Versi\u00f3n 5.1<\/strong><\/td><td><a href=\"https:\/\/support.apple.com\/es-es\/guide\/safari\/sfri11471\/mac\" target=\"_blank\" rel=\"noreferrer noopener\">https:\/\/support.apple.com\/es-es\/guide\/safari\/sfri11471\/mac<\/a><\/td><\/tr><tr><td><strong>Opera<\/strong><\/td><td><a href=\"https:\/\/help.opera.com\/en\/latest\/security-and-privacy\/#clearBrowsingData\">https:\/\/help.opera.com\/en\/latest\/security-and-privacy\/#clearBrowsingData<\/a><\/td><\/tr><\/tbody><\/table><\/figure>\n\n\n\n<hr class=\"wp-block-separator\"\/>","protected":false},"excerpt":{"rendered":"<p>INFORMACI\u00d3N SOBRE COOKIES Conforme con la Ley 34\/2002, de 11 de julio, de servicios de la sociedad de la informaci\u00f3n y de comercio electr\u00f3nico (LSSI), en relaci\u00f3n con el Reglamento (UE) 2016\/679 del Parlamento Europeo y del Consejo, de 27 de abril de 2016, General de Protecci\u00f3n de Datos (GDPR) y la Ley Org\u00e1nica 3\/2018, [&hellip;]<\/p>","protected":false},"author":1,"featured_media":0,"parent":0,"menu_order":0,"comment_status":"closed","ping_status":"closed","template":"","meta":{"site-sidebar-layout":"default","site-content-layout":"default","ast-site-content-layout":"default","site-content-style":"default","site-sidebar-style":"default","ast-global-header-display":"","ast-banner-title-visibility":"","ast-main-header-display":"disabled","ast-hfb-above-header-display":"","ast-hfb-below-header-display":"","ast-hfb-mobile-header-display":"disabled","site-post-title":"","ast-breadcrumbs-content":"","ast-featured-img":"","footer-sml-layout":"","theme-transparent-header-meta":"default","adv-header-id-meta":"","stick-header-meta":"","header-above-stick-meta":"","header-main-stick-meta":"","header-below-stick-meta":"","astra-migrate-meta-layouts":"default","ast-page-background-enabled":"default","ast-page-background-meta":{"desktop":{"background-color":"","background-image":"","background-repeat":"repeat","background-position":"center center","background-size":"auto","background-attachment":"scroll","background-type":"","background-media":"","overlay-type":"","overlay-color":"","overlay-opacity":"","overlay-gradient":""},"tablet":{"background-color":"","background-image":"","background-repeat":"repeat","background-position":"center center","background-size":"auto","background-attachment":"scroll","background-type":"","background-media":"","overlay-type":"","overlay-color":"","overlay-opacity":"","overlay-gradient":""},"mobile":{"background-color":"","background-image":"","background-repeat":"repeat","background-position":"center center","background-size":"auto","background-attachment":"scroll","background-type":"","background-media":"","overlay-type":"","overlay-color":"","overlay-opacity":"","overlay-gradient":""}},"ast-content-background-meta":{"desktop":{"background-color":"var(--ast-global-color-5)","background-image":"","background-repeat":"repeat","background-position":"center center","background-size":"auto","background-attachment":"scroll","background-type":"","background-media":"","overlay-type":"","overlay-color":"","overlay-opacity":"","overlay-gradient":""},"tablet":{"background-color":"var(--ast-global-color-5)","background-image":"","background-repeat":"repeat","background-position":"center center","background-size":"auto","background-attachment":"scroll","background-type":"","background-media":"","overlay-type":"","overlay-color":"","overlay-opacity":"","overlay-gradient":""},"mobile":{"background-color":"var(--ast-global-color-5)","background-image":"","background-repeat":"repeat","background-position":"center center","background-size":"auto","background-attachment":"scroll","background-type":"","background-media":"","overlay-type":"","overlay-color":"","overlay-opacity":"","overlay-gradient":""}},"footnotes":""},"class_list":["post-20994","page","type-page","status-publish","hentry"],"yoast_head":"<!-- This site is optimized with the Yoast SEO plugin v27.3 - https:\/\/yoast.com\/product\/yoast-seo-wordpress\/ -->\n<title>Pol\u00edtica de Cookies - TotalHomes<\/title>\n<meta name=\"robots\" content=\"noindex, nofollow\" \/>\n<meta property=\"og:locale\" content=\"en_US\" \/>\n<meta property=\"og:type\" content=\"article\" \/>\n<meta property=\"og:title\" content=\"Pol\u00edtica de Cookies - TotalHomes\" \/>\n<meta property=\"og:description\" content=\"INFORMACI\u00d3N SOBRE COOKIES Conforme con la Ley 34\/2002, de 11 de julio, de servicios de la sociedad de la informaci\u00f3n y de comercio electr\u00f3nico (LSSI), en relaci\u00f3n con el Reglamento (UE) 2016\/679 del Parlamento Europeo y del Consejo, de 27 de abril de 2016, General de Protecci\u00f3n de Datos (GDPR) y la Ley Org\u00e1nica 3\/2018, [&hellip;]\" \/>\n<meta property=\"og:url\" content=\"https:\/\/www.totalhomes.es\/en\/politica-de-cookies\/\" \/>\n<meta property=\"og:site_name\" content=\"TotalHomes\" \/>\n<meta property=\"article:modified_time\" content=\"2021-07-24T00:06:33+00:00\" \/>\n<meta name=\"twitter:card\" content=\"summary_large_image\" \/>\n<meta name=\"twitter:label1\" content=\"Est. reading time\" \/>\n\t<meta name=\"twitter:data1\" content=\"7 minutes\" \/>\n<script type=\"application\/ld+json\" class=\"yoast-schema-graph\">{\"@context\":\"https:\\\/\\\/schema.org\",\"@graph\":[{\"@type\":\"WebPage\",\"@id\":\"https:\\\/\\\/www.totalhomes.es\\\/politica-de-cookies\\\/\",\"url\":\"https:\\\/\\\/www.totalhomes.es\\\/politica-de-cookies\\\/\",\"name\":\"Pol\u00edtica de Cookies - TotalHomes\",\"isPartOf\":{\"@id\":\"https:\\\/\\\/www.totalhomes.es\\\/#website\"},\"datePublished\":\"2021-07-21T20:28:30+00:00\",\"dateModified\":\"2021-07-24T00:06:33+00:00\",\"breadcrumb\":{\"@id\":\"https:\\\/\\\/www.totalhomes.es\\\/politica-de-cookies\\\/#breadcrumb\"},\"inLanguage\":\"en-US\",\"potentialAction\":[{\"@type\":\"ReadAction\",\"target\":[\"https:\\\/\\\/www.totalhomes.es\\\/politica-de-cookies\\\/\"]}]},{\"@type\":\"BreadcrumbList\",\"@id\":\"https:\\\/\\\/www.totalhomes.es\\\/politica-de-cookies\\\/#breadcrumb\",\"itemListElement\":[{\"@type\":\"ListItem\",\"position\":1,\"name\":\"Portada\",\"item\":\"https:\\\/\\\/www.totalhomes.es\\\/\"},{\"@type\":\"ListItem\",\"position\":2,\"name\":\"Pol\u00edtica de Cookies\"}]},{\"@type\":\"WebSite\",\"@id\":\"https:\\\/\\\/www.totalhomes.es\\\/#website\",\"url\":\"https:\\\/\\\/www.totalhomes.es\\\/\",\"name\":\"TotalHomes\",\"description\":\"Construimos casas de lujo, Pasivas, sostenibles, eficientes y de alto confort. Tambi\u00e9n con certificado A.\",\"publisher\":{\"@id\":\"https:\\\/\\\/www.totalhomes.es\\\/#organization\"},\"potentialAction\":[{\"@type\":\"SearchAction\",\"target\":{\"@type\":\"EntryPoint\",\"urlTemplate\":\"https:\\\/\\\/www.totalhomes.es\\\/?s={search_term_string}\"},\"query-input\":{\"@type\":\"PropertyValueSpecification\",\"valueRequired\":true,\"valueName\":\"search_term_string\"}}],\"inLanguage\":\"en-US\"},{\"@type\":\"Organization\",\"@id\":\"https:\\\/\\\/www.totalhomes.es\\\/#organization\",\"name\":\"Total Homes\",\"url\":\"https:\\\/\\\/www.totalhomes.es\\\/\",\"logo\":{\"@type\":\"ImageObject\",\"inLanguage\":\"en-US\",\"@id\":\"https:\\\/\\\/www.totalhomes.es\\\/#\\\/schema\\\/logo\\\/image\\\/\",\"url\":\"https:\\\/\\\/www.totalhomes.es\\\/wp-content\\\/uploads\\\/2020\\\/07\\\/total-homes-casas-eficientes.png\",\"contentUrl\":\"https:\\\/\\\/www.totalhomes.es\\\/wp-content\\\/uploads\\\/2020\\\/07\\\/total-homes-casas-eficientes.png\",\"width\":400,\"height\":79,\"caption\":\"Total Homes\"},\"image\":{\"@id\":\"https:\\\/\\\/www.totalhomes.es\\\/#\\\/schema\\\/logo\\\/image\\\/\"}}]}<\/script>\n<!-- \/ Yoast SEO plugin. -->","yoast_head_json":{"title":"Pol\u00edtica de Cookies - TotalHomes","robots":{"index":"noindex","follow":"nofollow"},"og_locale":"en_US","og_type":"article","og_title":"Pol\u00edtica de Cookies - TotalHomes","og_description":"INFORMACI\u00d3N SOBRE COOKIES Conforme con la Ley 34\/2002, de 11 de julio, de servicios de la sociedad de la informaci\u00f3n y de comercio electr\u00f3nico (LSSI), en relaci\u00f3n con el Reglamento (UE) 2016\/679 del Parlamento Europeo y del Consejo, de 27 de abril de 2016, General de Protecci\u00f3n de Datos (GDPR) y la Ley Org\u00e1nica 3\/2018, [&hellip;]","og_url":"https:\/\/www.totalhomes.es\/en\/politica-de-cookies\/","og_site_name":"TotalHomes","article_modified_time":"2021-07-24T00:06:33+00:00","twitter_card":"summary_large_image","twitter_misc":{"Est. reading time":"7 minutes"},"schema":{"@context":"https:\/\/schema.org","@graph":[{"@type":"WebPage","@id":"https:\/\/www.totalhomes.es\/politica-de-cookies\/","url":"https:\/\/www.totalhomes.es\/politica-de-cookies\/","name":"Pol\u00edtica de Cookies - TotalHomes","isPartOf":{"@id":"https:\/\/www.totalhomes.es\/#website"},"datePublished":"2021-07-21T20:28:30+00:00","dateModified":"2021-07-24T00:06:33+00:00","breadcrumb":{"@id":"https:\/\/www.totalhomes.es\/politica-de-cookies\/#breadcrumb"},"inLanguage":"en-US","potentialAction":[{"@type":"ReadAction","target":["https:\/\/www.totalhomes.es\/politica-de-cookies\/"]}]},{"@type":"BreadcrumbList","@id":"https:\/\/www.totalhomes.es\/politica-de-cookies\/#breadcrumb","itemListElement":[{"@type":"ListItem","position":1,"name":"Portada","item":"https:\/\/www.totalhomes.es\/"},{"@type":"ListItem","position":2,"name":"Pol\u00edtica de Cookies"}]},{"@type":"WebSite","@id":"https:\/\/www.totalhomes.es\/#website","url":"https:\/\/www.totalhomes.es\/","name":"TotalHomes","description":"Construimos casas de lujo, Pasivas, sostenibles, eficientes y de alto confort. Tambi\u00e9n con certificado A.","publisher":{"@id":"https:\/\/www.totalhomes.es\/#organization"},"potentialAction":[{"@type":"SearchAction","target":{"@type":"EntryPoint","urlTemplate":"https:\/\/www.totalhomes.es\/?s={search_term_string}"},"query-input":{"@type":"PropertyValueSpecification","valueRequired":true,"valueName":"search_term_string"}}],"inLanguage":"en-US"},{"@type":"Organization","@id":"https:\/\/www.totalhomes.es\/#organization","name":"Total Homes","url":"https:\/\/www.totalhomes.es\/","logo":{"@type":"ImageObject","inLanguage":"en-US","@id":"https:\/\/www.totalhomes.es\/#\/schema\/logo\/image\/","url":"https:\/\/www.totalhomes.es\/wp-content\/uploads\/2020\/07\/total-homes-casas-eficientes.png","contentUrl":"https:\/\/www.totalhomes.es\/wp-content\/uploads\/2020\/07\/total-homes-casas-eficientes.png","width":400,"height":79,"caption":"Total Homes"},"image":{"@id":"https:\/\/www.totalhomes.es\/#\/schema\/logo\/image\/"}}]}},"_links":{"self":[{"href":"https:\/\/www.totalhomes.es\/en\/wp-json\/wp\/v2\/pages\/20994","targetHints":{"allow":["GET"]}}],"collection":[{"href":"https:\/\/www.totalhomes.es\/en\/wp-json\/wp\/v2\/pages"}],"about":[{"href":"https:\/\/www.totalhomes.es\/en\/wp-json\/wp\/v2\/types\/page"}],"author":[{"embeddable":true,"href":"https:\/\/www.totalhomes.es\/en\/wp-json\/wp\/v2\/users\/1"}],"replies":[{"embeddable":true,"href":"https:\/\/www.totalhomes.es\/en\/wp-json\/wp\/v2\/comments?post=20994"}],"version-history":[{"count":1,"href":"https:\/\/www.totalhomes.es\/en\/wp-json\/wp\/v2\/pages\/20994\/revisions"}],"predecessor-version":[{"id":20995,"href":"https:\/\/www.totalhomes.es\/en\/wp-json\/wp\/v2\/pages\/20994\/revisions\/20995"}],"wp:attachment":[{"href":"https:\/\/www.totalhomes.es\/en\/wp-json\/wp\/v2\/media?parent=20994"}],"curies":[{"name":"wp","href":"https:\/\/api.w.org\/{rel}","templated":true}]}}